{"id":122,"date":"2017-04-22T13:31:24","date_gmt":"2017-04-22T11:31:24","guid":{"rendered":"http:\/\/192.168.10.27\/digi\/?page_id=122"},"modified":"2017-04-22T13:31:24","modified_gmt":"2017-04-22T11:31:24","slug":"tanitas-es-tanulas-a-digitalis-kozepiskola-az-interneten-szervezett-iskolaban","status":"publish","type":"page","link":"http:\/\/digisuli.tmszc.hu\/?page_id=122","title":{"rendered":"Tan\u00edt\u00e1s \u00e9s tanul\u00e1s a Digit\u00e1lis K\u00f6z\u00e9piskola \u2013 az interneten szervezett iskol\u00e1ban"},"content":{"rendered":"<div class=\"art-layout-cell art-content clearfix\">\n<article id=\"post-96\" class=\"art-post art-article  post-96 page type-page status-publish hentry\">\n<div class=\"art-postcontent clearfix\">\n<div id=\"node-31\">\n<div>\n<div>\n<div>\n<div>\n<div>\n<p style=\"text-align: justify;\">A tan\u00edt\u00e1s-tanul\u00e1si folyamat a Digit\u00e1lis K\u00f6z\u00e9piskola \u2013 az interneten szervezett iskola alternat\u00edv kerettanterv, az \u00fctemterv \u00e9s a tananyag \u00e1ltal meghat\u00e1rozott keretek k\u00f6z\u00f6tt ir\u00e1ny\u00edtottan \u00e9s rugalmasan folyik. A nagyobb tanul\u00f3i \u00f6n\u00e1ll\u00f3s\u00e1g \u00e9s a r\u00e9szben partneri egy\u00fcttm\u0171k\u00f6d\u00e9s \u00f6sszhangban van a digit\u00e1lis k\u00f6z\u00e9piskola feln\u0151tt c\u00e9lcsoportj\u00e1nak ig\u00e9nyeivel \u00e9s jellemz\u0151ivel. Az alapos tervez\u00e9s \u00e9s el\u0151k\u00e9sz\u00edt\u00e9s azt eredm\u00e9nyezheti, hogy a kivitelez\u00e9s sor\u00e1n mindenkinek a saj\u00e1t munk\u00e1j\u00e1nak elv\u00e9gz\u00e9s\u00e9re kell koncentr\u00e1lnia, \u00e9s a p\u00e1rhuzamosan fut\u00f3 tev\u00e9kenys\u00e9gek a k\u00f6z\u00f6sen kit\u0171z\u00f6tt c\u00e9l el\u00e9r\u00e9s\u00e9t eredm\u00e9nyezik.<br \/>\nTan\u00edt\u00e1s\/tanul\u00e1s \u00fctemez\u00e9se: 2 hetente szombatonk\u00e9nt 8 \u00f3r\u00e1ban jelenl\u00e9ti konzult\u00e1ci\u00f3k \u00e9s t\u00e9maz\u00e1r\u00f3 dolgozatok meg\u00edr\u00e1sa; valamint f\u00e9l\u00e9venk\u00e9nt 3-4 h\u00e9t vizsgaid\u0151szak. A tanul\u00f3k jelenl\u00e9ti konzult\u00e1ci\u00f3s \u00f3r\u00e1kon, jelenl\u00e9ti sz\u00e1monk\u00e9r\u00e9sekkel, digit\u00e1lis \u00f6n\u00e1ll\u00f3 tanul\u00e1ssal a tanul\u00e1si keretrendszerben l\u00e9v\u0151 multim\u00e9di\u00e1s tananyagokkal \u00e9s kommunik\u00e1ci\u00f3s lehet\u0151s\u00e9gekkel esti munkarend\u0171 vegyes oktat\u00e1si form\u00e1ban tanulnak rugalmas id\u0151beoszt\u00e1sban \u00e9s helysz\u00ednen.<\/p>\n<\/div>\n<\/div>\n<\/div>\n<\/div>\n<\/div>\n<\/div>\n<\/div>\n<\/article>\n<\/div>\n","protected":false},"excerpt":{"rendered":"<p>A tan\u00edt\u00e1s-tanul\u00e1si folyamat a Digit\u00e1lis K\u00f6z\u00e9piskola \u2013 az interneten szervezett iskola alternat\u00edv kerettanterv, az \u00fctemterv \u00e9s a tananyag \u00e1ltal meghat\u00e1rozott keretek k\u00f6z\u00f6tt ir\u00e1ny\u00edtottan \u00e9s rugalmasan folyik. A nagyobb tanul\u00f3i \u00f6n\u00e1ll\u00f3s\u00e1g \u00e9s a r\u00e9szben partneri&#46;&#46;&#46;<\/p>\n","protected":false},"author":1,"featured_media":0,"parent":0,"menu_order":0,"comment_status":"closed","ping_status":"closed","template":"","meta":[],"_links":{"self":[{"href":"http:\/\/digisuli.tmszc.hu\/index.php?rest_route=\/wp\/v2\/pages\/122"}],"collection":[{"href":"http:\/\/digisuli.tmszc.hu\/index.php?rest_route=\/wp\/v2\/pages"}],"about":[{"href":"http:\/\/digisuli.tmszc.hu\/index.php?rest_route=\/wp\/v2\/types\/page"}],"author":[{"embeddable":true,"href":"http:\/\/digisuli.tmszc.hu\/index.php?rest_route=\/wp\/v2\/users\/1"}],"replies":[{"embeddable":true,"href":"http:\/\/digisuli.tmszc.hu\/index.php?rest_route=%2Fwp%2Fv2%2Fcomments&post=122"}],"version-history":[{"count":1,"href":"http:\/\/digisuli.tmszc.hu\/index.php?rest_route=\/wp\/v2\/pages\/122\/revisions"}],"predecessor-version":[{"id":123,"href":"http:\/\/digisuli.tmszc.hu\/index.php?rest_route=\/wp\/v2\/pages\/122\/revisions\/123"}],"wp:attachment":[{"href":"http:\/\/digisuli.tmszc.hu\/index.php?rest_route=%2Fwp%2Fv2%2Fmedia&parent=122"}],"curies":[{"name":"wp","href":"https:\/\/api.w.org\/{rel}","templated":true}]}}