{"id":126,"date":"2017-04-22T13:34:58","date_gmt":"2017-04-22T11:34:58","guid":{"rendered":"http:\/\/192.168.10.27\/digi\/?page_id=126"},"modified":"2021-01-11T13:36:51","modified_gmt":"2021-01-11T12:36:51","slug":"vizsgarend","status":"publish","type":"page","link":"http:\/\/digisuli.tmszc.hu\/?page_id=126","title":{"rendered":"Vizsgarend"},"content":{"rendered":"<div class=\"art-layout-cell art-content clearfix\">\n<article id=\"post-103\" class=\"art-post art-article post-103 page type-page status-publish hentry\">\n<div class=\"art-postcontent clearfix\">\n<p>Di\u00e1kjaink f\u00e9l\u00e9v \u00e9s \u00e9v v\u00e9g\u00e9n oszt\u00e1lyoz\u00f3 vizsg\u00e1n adnak sz\u00e1mot tud\u00e1sukr\u00f3l.<\/p>\n<p>Vizsgaszab\u00e1lyzat let\u00f6lthet\u0151 itt: <a href=\"http:\/\/digisuli.tmszc.hu\/wp-content\/uploads\/2021\/01\/Digisuli_Vizsgaszabalyzat_2020.pdf\">vizsgaszab\u00e1lyzat<\/a><\/p>\n<\/div>\n<\/article>\n<\/div>\n","protected":false},"excerpt":{"rendered":"<p>Di\u00e1kjaink f\u00e9l\u00e9v \u00e9s \u00e9v v\u00e9g\u00e9n oszt\u00e1lyoz\u00f3 vizsg\u00e1n adnak sz\u00e1mot tud\u00e1sukr\u00f3l. Vizsgaszab\u00e1lyzat let\u00f6lthet\u0151 itt: vizsgaszab\u00e1lyzat<\/p>\n","protected":false},"author":1,"featured_media":0,"parent":0,"menu_order":0,"comment_status":"closed","ping_status":"closed","template":"","meta":[],"_links":{"self":[{"href":"http:\/\/digisuli.tmszc.hu\/index.php?rest_route=\/wp\/v2\/pages\/126"}],"collection":[{"href":"http:\/\/digisuli.tmszc.hu\/index.php?rest_route=\/wp\/v2\/pages"}],"about":[{"href":"http:\/\/digisuli.tmszc.hu\/index.php?rest_route=\/wp\/v2\/types\/page"}],"author":[{"embeddable":true,"href":"http:\/\/digisuli.tmszc.hu\/index.php?rest_route=\/wp\/v2\/users\/1"}],"replies":[{"embeddable":true,"href":"http:\/\/digisuli.tmszc.hu\/index.php?rest_route=%2Fwp%2Fv2%2Fcomments&post=126"}],"version-history":[{"count":7,"href":"http:\/\/digisuli.tmszc.hu\/index.php?rest_route=\/wp\/v2\/pages\/126\/revisions"}],"predecessor-version":[{"id":1605,"href":"http:\/\/digisuli.tmszc.hu\/index.php?rest_route=\/wp\/v2\/pages\/126\/revisions\/1605"}],"wp:attachment":[{"href":"http:\/\/digisuli.tmszc.hu\/index.php?rest_route=%2Fwp%2Fv2%2Fmedia&parent=126"}],"curies":[{"name":"wp","href":"https:\/\/api.w.org\/{rel}","templated":true}]}}