{"id":149,"date":"2017-04-22T13:55:50","date_gmt":"2017-04-22T11:55:50","guid":{"rendered":"http:\/\/192.168.10.27\/digi\/?page_id=149"},"modified":"2021-01-09T11:30:39","modified_gmt":"2021-01-09T10:30:39","slug":"kapcsolat","status":"publish","type":"page","link":"http:\/\/digisuli.tmszc.hu\/?page_id=149","title":{"rendered":"Kapcsolat"},"content":{"rendered":"<p>&nbsp;<\/p>\n<h2>K\u00e9pz\u00e9si helysz\u00ednek<\/h2>\n<p style=\"text-align: justify;\">K\u00e9pz\u00e9si helysz\u00ednek egyben Szolg\u00e1ltat\u00f3 Pontk\u00e9nt is m\u0171k\u00f6dnek. Azaz nem csak a jelenl\u00e9ti oktat\u00e1s sz\u00ednterei, hanem megteremtik annak lehet\u0151s\u00e9g\u00e9t, ha otthon\u00e1ban nincs sz\u00e1m\u00edt\u00f3g\u00e9p, akkor a rugalmas nyitva tart\u00e1s\u00fa Szolg\u00e1ltat\u00e1si Pontok g\u00e9pparkj\u00e1t vegye ig\u00e9nybe a k\u00e9sz\u00fcl\u00e9shez.<\/p>\n<p><strong><em>Szeksz\u00e1rd:<\/em><\/strong><br \/>\nTolna Megyei SZC\u00a0 (weblap: <a title=\"http:\/\/szh.szltiszk.hu\" href=\"https:\/\/tmszc.hu\" target=\"_blank\" rel=\"noopener noreferrer\">http:\/\/tmszc.hu<\/a>)<br \/>\nOM azonos\u00edt\u00f3: 200914<\/p>\n<p><em><strong>Bonyh\u00e1d:<\/strong><\/em><br \/>\nPerczel M\u00f3r Szakk\u00f6z\u00e9piskolai Tagint\u00e9zm\u00e9ny(weblap: <a title=\"http:\/\/perczel.szekszardiszc.hu\" href=\"http:\/\/perczel.tmszc.hu\" target=\"_blank\" rel=\"noopener noreferrer\">http:\/\/perczel.tmszc.hu<\/a>)<br \/>\n<strong><em><br \/>\nTam\u00e1si:<\/em><\/strong><br \/>\nV\u00e1lyi P\u00e9ter Szakk\u00e9pz\u0151 Iskola \u00e9s Koll\u00e9gium (weblap: <a title=\"http:\/\/valyipeter.szekszardiszc.hu\" href=\"https:\/\/valyipeter.tmszc.hu\" target=\"_blank\" rel=\"noopener noreferrer\">https:\/\/valyipeter.tmszc.hu<\/a>)<\/p>\n<p><em><strong>El\u00e9rhet\u0151s\u00e9gek:<\/strong><\/em><\/p>\n<p><a href=\"http:\/\/digisuli.szekszardiszc.hu\/wp-content\/uploads\/2020\/09\/tmszclogo.png\"><img loading=\"lazy\" class=\"alignleft wp-image-1523\" src=\"http:\/\/digisuli.szekszardiszc.hu\/wp-content\/uploads\/2020\/09\/tmszclogo-300x127.png\" alt=\"\" width=\"164\" height=\"69\" srcset=\"http:\/\/digisuli.tmszc.hu\/wp-content\/uploads\/2020\/09\/tmszclogo-300x127.png 300w, http:\/\/digisuli.tmszc.hu\/wp-content\/uploads\/2020\/09\/tmszclogo.png 372w\" sizes=\"(max-width: 164px) 100vw, 164px\" \/><\/a><\/p>\n<p>&nbsp;<\/p>\n<p>&nbsp;<\/p>\n<p>&nbsp;<\/p>\n<p><strong>Tolna Megyei SZC Ady Endre Szakk\u00e9pz\u0151 Iskol\u00e1ja \u00e9s Koll\u00e9giuma<br \/>\n<\/strong>7100 Szeksz\u00e1rd, Sz\u00e9chenyi u. 2-14.<br \/>\nTel.: 74\/529-333 Fax: 74\/529-334<br \/>\nweblap: <a title=\"http:\/\/adyendre.szekszardiszc.hu\" href=\"https:\/\/adyendre.tmszc.hu\" target=\"_blank\" rel=\"noopener noreferrer\">https:\/\/adyendre.tmszc.hu<\/a><br \/>\nIgazgat\u00f3: Juh\u00e1sz G\u00e1bor<br \/>\nE-mail: <a href=\"mailto:juhasz.gabor@adyendre.szekszardiszc.hu\">juhasz.gabor@adyendre.tmszc.hu<\/a><br \/>\nTel.:\u00a0 74\/529-333 Fax: 74\/529-334<br \/>\nIskolatitk\u00e1r: S\u00e1gin\u00e9 Bakonyi Judit<br \/>\nE-mail: <a href=\"mailto:sagine.bakonyi.judit@adyendre.tmszc.hu\">sagine.bakonyi.judit@adyendre.tmszc.hu<\/a><br \/>\nTel.: 74\/529-333\/157. m. Fax: 74\/529-334<\/p>\n<p>&nbsp;<\/p>\n<p><a href=\"http:\/\/digisuli.szekszardiszc.hu\/wp-content\/uploads\/2020\/09\/tmszclogo.png\"><img loading=\"lazy\" class=\"alignleft wp-image-1523\" src=\"http:\/\/digisuli.szekszardiszc.hu\/wp-content\/uploads\/2020\/09\/tmszclogo-300x127.png\" alt=\"\" width=\"172\" height=\"73\" srcset=\"http:\/\/digisuli.tmszc.hu\/wp-content\/uploads\/2020\/09\/tmszclogo-300x127.png 300w, http:\/\/digisuli.tmszc.hu\/wp-content\/uploads\/2020\/09\/tmszclogo.png 372w\" sizes=\"(max-width: 172px) 100vw, 172px\" \/><\/a><\/p>\n<p>&nbsp;<\/p>\n<p>&nbsp;<\/p>\n<p>&nbsp;<\/p>\n<p><strong>Tolna Megyei SZC Perczel M\u00f3r Szakk\u00e9pz\u0151 Iskol\u00e1ja<\/strong><br \/>\n7150 Bonyh\u00e1d, Sz\u00e9chenyi t\u00e9r 18.<br \/>\nTel.: 74\/550-000 Fax: 451-424<br \/>\nweblap: <a title=\"http:\/\/perczel.szekszardiszc.hu\" href=\"https:\/\/perczel.tmszc.hu\" target=\"_blank\" rel=\"noopener noreferrer\">https:\/\/perczel.tmszc.hu<\/a><br \/>\nIgazgat\u00f3: Zigler Ter\u00e9z<br \/>\nE-mail:<a href=\"mailto:titkarsag@perczel.tmszc.hu\">titkarsag@perczel.tmszc.hu<\/a><br \/>\nIskolatitk\u00e1r:<br \/>\nE-mail:<\/p>\n<p>&nbsp;<\/p>\n<p><a href=\"http:\/\/digisuli.szekszardiszc.hu\/wp-content\/uploads\/2020\/09\/tmszclogo.png\"><img loading=\"lazy\" class=\"alignleft wp-image-1523\" src=\"http:\/\/digisuli.szekszardiszc.hu\/wp-content\/uploads\/2020\/09\/tmszclogo-300x127.png\" alt=\"\" width=\"168\" height=\"71\" srcset=\"http:\/\/digisuli.tmszc.hu\/wp-content\/uploads\/2020\/09\/tmszclogo-300x127.png 300w, http:\/\/digisuli.tmszc.hu\/wp-content\/uploads\/2020\/09\/tmszclogo.png 372w\" sizes=\"(max-width: 168px) 100vw, 168px\" \/><\/a><\/p>\n<p>&nbsp;<\/p>\n<p>&nbsp;<\/p>\n<p>&nbsp;<\/p>\n<p><strong>Tolna Megyei SZC V\u00e1lyi P\u00e9ter Szakk\u00e9pz\u0151 Iskol\u00e1ja \u00e9s Koll\u00e9giuma<br \/>\n<\/strong>7090 Tam\u00e1si, De\u00e1k Ferenc u. 6-8.<br \/>\nTel.: 74\/471-127<br \/>\nweblap: <a title=\"http:\/\/valyipeter.szekszardiszc.hu\" href=\"https:\/\/valyipeter.tmszc.hu\" target=\"_blank\" rel=\"noopener noreferrer\">https:\/\/valyipeter.tmszc.hu<\/a><br \/>\nIgazgat\u00f3: Furj\u00e1n Katalin Anett<br \/>\nE-mail: <a title=\"\u00c9retts\u00e9giz\u0151k oszt\u00e1lyoz\u00f3 vizsgabeoszt\u00e1s\" href=\"mailto:furjan.katalin.anett@valyipeter.tmszc.hu\">furjan.katalin.anett@valyipeter.tmszc.hu<\/a><br \/>\nIskolatitk\u00e1r: Babodi M\u00e1rta<br \/>\nE-mail: <a href=\"mailto:babodi.marta@valyipeter.tmszc.hu\">babodi.marta@valyipeter.tmszc.hu<\/a><\/p>\n<p>&nbsp;<\/p>\n","protected":false},"excerpt":{"rendered":"<p>&nbsp; K\u00e9pz\u00e9si helysz\u00ednek K\u00e9pz\u00e9si helysz\u00ednek egyben Szolg\u00e1ltat\u00f3 Pontk\u00e9nt is m\u0171k\u00f6dnek. Azaz nem csak a jelenl\u00e9ti oktat\u00e1s sz\u00ednterei, hanem megteremtik annak lehet\u0151s\u00e9g\u00e9t, ha otthon\u00e1ban nincs sz\u00e1m\u00edt\u00f3g\u00e9p, akkor a rugalmas nyitva tart\u00e1s\u00fa Szolg\u00e1ltat\u00e1si Pontok g\u00e9pparkj\u00e1t vegye&#46;&#46;&#46;<\/p>\n","protected":false},"author":1,"featured_media":0,"parent":0,"menu_order":0,"comment_status":"closed","ping_status":"closed","template":"","meta":[],"_links":{"self":[{"href":"http:\/\/digisuli.tmszc.hu\/index.php?rest_route=\/wp\/v2\/pages\/149"}],"collection":[{"href":"http:\/\/digisuli.tmszc.hu\/index.php?rest_route=\/wp\/v2\/pages"}],"about":[{"href":"http:\/\/digisuli.tmszc.hu\/index.php?rest_route=\/wp\/v2\/types\/page"}],"author":[{"embeddable":true,"href":"http:\/\/digisuli.tmszc.hu\/index.php?rest_route=\/wp\/v2\/users\/1"}],"replies":[{"embeddable":true,"href":"http:\/\/digisuli.tmszc.hu\/index.php?rest_route=%2Fwp%2Fv2%2Fcomments&post=149"}],"version-history":[{"count":28,"href":"http:\/\/digisuli.tmszc.hu\/index.php?rest_route=\/wp\/v2\/pages\/149\/revisions"}],"predecessor-version":[{"id":1598,"href":"http:\/\/digisuli.tmszc.hu\/index.php?rest_route=\/wp\/v2\/pages\/149\/revisions\/1598"}],"wp:attachment":[{"href":"http:\/\/digisuli.tmszc.hu\/index.php?rest_route=%2Fwp%2Fv2%2Fmedia&parent=149"}],"curies":[{"name":"wp","href":"https:\/\/api.w.org\/{rel}","templated":true}]}}